{"id":73,"date":"2026-04-16T07:31:23","date_gmt":"2026-04-16T05:31:23","guid":{"rendered":"https:\/\/infinityautos.online\/daniel\/?post_type=product&#038;p=73"},"modified":"2026-04-18T02:17:04","modified_gmt":"2026-04-18T00:17:04","slug":"toyota-prado-tx-sumo-2020","status":"publish","type":"product","link":"https:\/\/infinityautos.online\/daniel\/producto\/toyota-prado-tx-sumo-2020\/","title":{"rendered":"Toyota Prado TX Sumo 2020"},"content":{"rendered":"<p>&nbsp;<\/p>\n<p>Se vende Toyota Prado TX Sumo 2020 \u00a1Impecable! Te ayudamos a financiar tu veh\u00edculo con diferentes entidades!<\/p>\n<p>Motor 2.7 Gasolina. Autom\u00e1tica 6 velocidades. Tracci\u00f3n 4\u00d74 con reductora. Suspensi\u00f3n Old Man Emu. Llantas Mickey Thompson. Estribos. 5 pasajeros (2 filas de asientos). Rines de aleaci\u00f3n. Aire acondicionado autom\u00e1tico. Exploradoras. Control de estabilidad y tracci\u00f3n. Bolsas de aire frontales y laterales. C\u00e1mara y sensores de reversa. Mantenimientos al d\u00eda en la Toyota. Tecno y SOAT vigentes. Papeles al d\u00eda, listo para traspaso.<\/p>\n","protected":false},"excerpt":{"rendered":"<p>Toyota Prado TX Sumo 2020 \u00a1Impecable!<\/p>\n<p>Te ayudamos a financiar tu veh\u00edculo con diferentes entidades!<\/p>\n<p>Agenda tu cita hoy mismo<\/p>\n","protected":false},"featured_media":78,"comment_status":"open","ping_status":"closed","template":"","meta":[],"product_brand":[18],"product_cat":[20],"product_tag":[21,19],"class_list":{"0":"post-73","1":"product","2":"type-product","3":"status-publish","4":"has-post-thumbnail","6":"product_brand-toyota","7":"product_cat-camionetas","8":"product_tag-4x4","9":"product_tag-camioneta","11":"first","12":"instock","13":"sold-individually","14":"shipping-taxable","15":"purchasable","16":"product-type-simple"},"jetpack_sharing_enabled":true,"_links":{"self":[{"href":"https:\/\/infinityautos.online\/daniel\/wp-json\/wp\/v2\/product\/73","targetHints":{"allow":["GET"]}}],"collection":[{"href":"https:\/\/infinityautos.online\/daniel\/wp-json\/wp\/v2\/product"}],"about":[{"href":"https:\/\/infinityautos.online\/daniel\/wp-json\/wp\/v2\/types\/product"}],"replies":[{"embeddable":true,"href":"https:\/\/infinityautos.online\/daniel\/wp-json\/wp\/v2\/comments?post=73"}],"wp:featuredmedia":[{"embeddable":true,"href":"https:\/\/infinityautos.online\/daniel\/wp-json\/wp\/v2\/media\/78"}],"wp:attachment":[{"href":"https:\/\/infinityautos.online\/daniel\/wp-json\/wp\/v2\/media?parent=73"}],"wp:term":[{"taxonomy":"product_brand","embeddable":true,"href":"https:\/\/infinityautos.online\/daniel\/wp-json\/wp\/v2\/product_brand?post=73"},{"taxonomy":"product_cat","embeddable":true,"href":"https:\/\/infinityautos.online\/daniel\/wp-json\/wp\/v2\/product_cat?post=73"},{"taxonomy":"product_tag","embeddable":true,"href":"https:\/\/infinityautos.online\/daniel\/wp-json\/wp\/v2\/product_tag?post=73"}],"curies":[{"name":"wp","href":"https:\/\/api.w.org\/{rel}","templated":true}]}}