{"id":209,"date":"2026-04-18T15:20:16","date_gmt":"2026-04-18T13:20:16","guid":{"rendered":"https:\/\/infinityautos.online\/daniel\/?post_type=product&#038;p=209"},"modified":"2026-04-18T15:20:17","modified_gmt":"2026-04-18T13:20:17","slug":"volkswagen-jetta-comfortline-2020","status":"publish","type":"product","link":"https:\/\/infinityautos.online\/daniel\/producto\/volkswagen-jetta-comfortline-2020\/","title":{"rendered":"Volkswagen Jetta Comfortline 2020"},"content":{"rendered":"<p>Motor 1.4 Turbo. Historial de mantenimientos en la Volkswagen. Transmisi\u00f3n autom\u00e1tica Triptonica. Rin 18. Llantas nuevas. Sensores delanteros y traseros. Espejos el\u00e9ctricos. Luces full Led adaptativas. Sensor de luz. Sensor de lluvia. Asistente de parqueo. Conexi\u00f3n apple carpaly y android auto. Mandos en el tim\u00f3n. Asistente de arranque en pendiente. Control de tracci\u00f3n y estabilidad. Direcci\u00f3n electroasitida. Frenado de emergencia trasero. Sellado cer\u00e1mico. Documentos al d\u00eda, listo para traspaso.<\/p>\n","protected":false},"excerpt":{"rendered":"<p>Volkswagen Jetta Comfortline 2020<\/p>\n<p>En impecables condiciones.<\/p>\n<p>Te ayudamos a financiar tu vehiculo con diferentes entidades bancarias.<\/p>\n<p>Agenda tu cita hoy<\/p>\n","protected":false},"featured_media":214,"comment_status":"open","ping_status":"closed","template":"","meta":[],"product_brand":[28],"product_cat":[24],"product_tag":[25,29],"class_list":{"0":"post-209","1":"product","2":"type-product","3":"status-publish","4":"has-post-thumbnail","6":"product_brand-volkswagen","7":"product_cat-carros","8":"product_tag-sedan","9":"product_tag-turbo","11":"first","12":"instock","13":"sale","14":"sold-individually","15":"shipping-taxable","16":"purchasable","17":"product-type-simple"},"jetpack_sharing_enabled":true,"_links":{"self":[{"href":"https:\/\/infinityautos.online\/daniel\/wp-json\/wp\/v2\/product\/209","targetHints":{"allow":["GET"]}}],"collection":[{"href":"https:\/\/infinityautos.online\/daniel\/wp-json\/wp\/v2\/product"}],"about":[{"href":"https:\/\/infinityautos.online\/daniel\/wp-json\/wp\/v2\/types\/product"}],"replies":[{"embeddable":true,"href":"https:\/\/infinityautos.online\/daniel\/wp-json\/wp\/v2\/comments?post=209"}],"wp:featuredmedia":[{"embeddable":true,"href":"https:\/\/infinityautos.online\/daniel\/wp-json\/wp\/v2\/media\/214"}],"wp:attachment":[{"href":"https:\/\/infinityautos.online\/daniel\/wp-json\/wp\/v2\/media?parent=209"}],"wp:term":[{"taxonomy":"product_brand","embeddable":true,"href":"https:\/\/infinityautos.online\/daniel\/wp-json\/wp\/v2\/product_brand?post=209"},{"taxonomy":"product_cat","embeddable":true,"href":"https:\/\/infinityautos.online\/daniel\/wp-json\/wp\/v2\/product_cat?post=209"},{"taxonomy":"product_tag","embeddable":true,"href":"https:\/\/infinityautos.online\/daniel\/wp-json\/wp\/v2\/product_tag?post=209"}],"curies":[{"name":"wp","href":"https:\/\/api.w.org\/{rel}","templated":true}]}}