{"id":158,"date":"2026-04-18T03:00:28","date_gmt":"2026-04-18T01:00:28","guid":{"rendered":"https:\/\/infinityautos.online\/daniel\/?post_type=product&#038;p=158"},"modified":"2026-04-18T03:00:29","modified_gmt":"2026-04-18T01:00:29","slug":"honda-pilot-prestige-2022","status":"publish","type":"product","link":"https:\/\/infinityautos.online\/daniel\/producto\/honda-pilot-prestige-2022\/","title":{"rendered":"Honda Pilot Prestige 2022"},"content":{"rendered":"<p>Se vende Honda Pilot Prestige 2022 en impecables condiciones. \u00a1Te ayudamos a financiar tu veh\u00edculo con diferentes entidades bancarias! Motor 3.5 \u00danico due\u00f1o Mantenimientos en el concesionario. C\u00e1maras 360. Pantalla multimedia con Apple CarPlay y Android Auto. Climatizaci\u00f3n trizona autom\u00e1tica con controles digitales. Asistente de arranque en pendiente. Asiento conductor el\u00e9ctrico con memorias. Sunroof. Apertura de ba\u00fal el\u00e9ctrico. espejos el\u00e9ctricos. Control de tracci\u00f3n y estabilidad. Control crucero. Modo ECO. 7 puestos.<\/p>\n","protected":false},"excerpt":{"rendered":"<p>Honda Pilot Prestige 2022<\/p>\n<p>En impecables condiciones.<\/p>\n<p>\u00a1Te ayudamos a financiar tu veh\u00edculo con diferentes entidades bancarias!<\/p>\n<p>Agenda tu cita hoy<\/p>\n","protected":false},"featured_media":165,"comment_status":"open","ping_status":"closed","template":"","meta":[],"product_brand":[23],"product_cat":[20],"product_tag":[19],"class_list":{"0":"post-158","1":"product","2":"type-product","3":"status-publish","4":"has-post-thumbnail","6":"product_brand-honda","7":"product_cat-camionetas","8":"product_tag-camioneta","10":"first","11":"instock","12":"sale","13":"sold-individually","14":"shipping-taxable","15":"purchasable","16":"product-type-simple"},"jetpack_sharing_enabled":true,"_links":{"self":[{"href":"https:\/\/infinityautos.online\/daniel\/wp-json\/wp\/v2\/product\/158","targetHints":{"allow":["GET"]}}],"collection":[{"href":"https:\/\/infinityautos.online\/daniel\/wp-json\/wp\/v2\/product"}],"about":[{"href":"https:\/\/infinityautos.online\/daniel\/wp-json\/wp\/v2\/types\/product"}],"replies":[{"embeddable":true,"href":"https:\/\/infinityautos.online\/daniel\/wp-json\/wp\/v2\/comments?post=158"}],"wp:featuredmedia":[{"embeddable":true,"href":"https:\/\/infinityautos.online\/daniel\/wp-json\/wp\/v2\/media\/165"}],"wp:attachment":[{"href":"https:\/\/infinityautos.online\/daniel\/wp-json\/wp\/v2\/media?parent=158"}],"wp:term":[{"taxonomy":"product_brand","embeddable":true,"href":"https:\/\/infinityautos.online\/daniel\/wp-json\/wp\/v2\/product_brand?post=158"},{"taxonomy":"product_cat","embeddable":true,"href":"https:\/\/infinityautos.online\/daniel\/wp-json\/wp\/v2\/product_cat?post=158"},{"taxonomy":"product_tag","embeddable":true,"href":"https:\/\/infinityautos.online\/daniel\/wp-json\/wp\/v2\/product_tag?post=158"}],"curies":[{"name":"wp","href":"https:\/\/api.w.org\/{rel}","templated":true}]}}