{"id":27,"date":"2026-04-10T03:47:36","date_gmt":"2026-04-10T01:47:36","guid":{"rendered":"https:\/\/infinityautos.online\/daniel\/?page_id=27"},"modified":"2026-04-18T02:23:45","modified_gmt":"2026-04-18T00:23:45","slug":"inicio","status":"publish","type":"page","link":"https:\/\/infinityautos.online\/daniel\/","title":{"rendered":"Inicio"},"content":{"rendered":"\n<div class=\"wp-block-columns is-layout-flex wp-container-core-columns-is-layout-9d6595d7 wp-block-columns-is-layout-flex\">\n<div class=\"wp-block-column is-layout-flow wp-block-column-is-layout-flow\">\n<h2 class=\"wp-block-heading\">\u00bfQuienes somos?<\/h2>\n\n\n\n<p class=\"has-text-align-left\">Infinity Autos es una empresa dedicada a la venta y comercializaci\u00f3n de veh\u00edculos en la ciudad de Cali y sus alrededores, asociada a la confianza, la movilidad y el progreso personal, ofreciendo a j\u00f3venes profesionales, familias y empresarios la posibilidad de acceder a un carro como s\u00edmbolo de comodidad y crecimiento.<\/p>\n<\/div>\n\n\n\n<div class=\"wp-block-column is-layout-flow wp-block-column-is-layout-flow\"><div class=\"wp-block-image is-style-default\">\n<figure class=\"aligncenter size-large is-resized\"><img fetchpriority=\"high\" decoding=\"async\" width=\"818\" height=\"1024\" src=\"https:\/\/infinityautos.online\/daniel\/wp-content\/uploads\/2026\/04\/WhatsApp-Image-2026-04-09-at-9.28.38-PM-818x1024.jpeg\" alt=\"\" class=\"wp-image-41\" style=\"aspect-ratio:0.7988298194290325;width:298px;height:auto\" srcset=\"https:\/\/infinityautos.online\/daniel\/wp-content\/uploads\/2026\/04\/WhatsApp-Image-2026-04-09-at-9.28.38-PM-818x1024.jpeg 818w, https:\/\/infinityautos.online\/daniel\/wp-content\/uploads\/2026\/04\/WhatsApp-Image-2026-04-09-at-9.28.38-PM-600x751.jpeg 600w, https:\/\/infinityautos.online\/daniel\/wp-content\/uploads\/2026\/04\/WhatsApp-Image-2026-04-09-at-9.28.38-PM-240x300.jpeg 240w, https:\/\/infinityautos.online\/daniel\/wp-content\/uploads\/2026\/04\/WhatsApp-Image-2026-04-09-at-9.28.38-PM-768x962.jpeg 768w, https:\/\/infinityautos.online\/daniel\/wp-content\/uploads\/2026\/04\/WhatsApp-Image-2026-04-09-at-9.28.38-PM.jpeg 1022w\" sizes=\"(max-width: 818px) 100vw, 818px\" \/><\/figure>\n<\/div><\/div>\n<\/div>\n\n\n\n<h2 class=\"wp-block-heading has-text-align-center\"><strong>Tu pr\u00f3ximo veh\u00edculo est\u00e1 aqu\u00ed<\/strong><\/h2>\n\n\n\n<div class=\"wp-block-columns is-layout-flex wp-container-core-columns-is-layout-9d6595d7 wp-block-columns-is-layout-flex\">\n<div class=\"wp-block-column is-layout-flow wp-block-column-is-layout-flow\">\n<figure class=\"wp-block-image size-large\"><img decoding=\"async\" width=\"1024\" height=\"1024\" src=\"https:\/\/infinityautos.online\/daniel\/wp-content\/uploads\/2026\/04\/WhatsApp-Image-2026-04-09-at-9.28.37-PM-1-1024x1024.jpeg\" alt=\"\" class=\"wp-image-48\" srcset=\"https:\/\/infinityautos.online\/daniel\/wp-content\/uploads\/2026\/04\/WhatsApp-Image-2026-04-09-at-9.28.37-PM-1-1024x1024.jpeg 1024w, https:\/\/infinityautos.online\/daniel\/wp-content\/uploads\/2026\/04\/WhatsApp-Image-2026-04-09-at-9.28.37-PM-1-300x300.jpeg 300w, https:\/\/infinityautos.online\/daniel\/wp-content\/uploads\/2026\/04\/WhatsApp-Image-2026-04-09-at-9.28.37-PM-1-100x100.jpeg 100w, https:\/\/infinityautos.online\/daniel\/wp-content\/uploads\/2026\/04\/WhatsApp-Image-2026-04-09-at-9.28.37-PM-1-600x600.jpeg 600w, https:\/\/infinityautos.online\/daniel\/wp-content\/uploads\/2026\/04\/WhatsApp-Image-2026-04-09-at-9.28.37-PM-1-150x150.jpeg 150w, https:\/\/infinityautos.online\/daniel\/wp-content\/uploads\/2026\/04\/WhatsApp-Image-2026-04-09-at-9.28.37-PM-1-768x768.jpeg 768w, https:\/\/infinityautos.online\/daniel\/wp-content\/uploads\/2026\/04\/WhatsApp-Image-2026-04-09-at-9.28.37-PM-1.jpeg 1280w\" sizes=\"(max-width: 1024px) 100vw, 1024px\" \/><\/figure>\n<\/div>\n\n\n\n<div class=\"wp-block-column is-layout-flow wp-block-column-is-layout-flow\">\n<figure class=\"wp-block-image size-full\"><img decoding=\"async\" width=\"1024\" height=\"1024\" src=\"https:\/\/infinityautos.online\/daniel\/wp-content\/uploads\/2026\/04\/WhatsApp-Image-2026-04-09-at-9.28.37-PM-3.jpeg\" alt=\"\" class=\"wp-image-49\" srcset=\"https:\/\/infinityautos.online\/daniel\/wp-content\/uploads\/2026\/04\/WhatsApp-Image-2026-04-09-at-9.28.37-PM-3.jpeg 1024w, https:\/\/infinityautos.online\/daniel\/wp-content\/uploads\/2026\/04\/WhatsApp-Image-2026-04-09-at-9.28.37-PM-3-300x300.jpeg 300w, https:\/\/infinityautos.online\/daniel\/wp-content\/uploads\/2026\/04\/WhatsApp-Image-2026-04-09-at-9.28.37-PM-3-100x100.jpeg 100w, https:\/\/infinityautos.online\/daniel\/wp-content\/uploads\/2026\/04\/WhatsApp-Image-2026-04-09-at-9.28.37-PM-3-600x600.jpeg 600w, https:\/\/infinityautos.online\/daniel\/wp-content\/uploads\/2026\/04\/WhatsApp-Image-2026-04-09-at-9.28.37-PM-3-150x150.jpeg 150w, https:\/\/infinityautos.online\/daniel\/wp-content\/uploads\/2026\/04\/WhatsApp-Image-2026-04-09-at-9.28.37-PM-3-768x768.jpeg 768w\" sizes=\"(max-width: 1024px) 100vw, 1024px\" \/><\/figure>\n<\/div>\n\n\n\n<div class=\"wp-block-column is-layout-flow wp-block-column-is-layout-flow\">\n<figure class=\"wp-block-image size-large\"><img loading=\"lazy\" decoding=\"async\" width=\"1024\" height=\"1024\" src=\"https:\/\/infinityautos.online\/daniel\/wp-content\/uploads\/2026\/04\/WhatsApp-Image-2026-04-09-at-9.28.37-PM-1-1-1024x1024.jpeg\" alt=\"\" class=\"wp-image-50\" srcset=\"https:\/\/infinityautos.online\/daniel\/wp-content\/uploads\/2026\/04\/WhatsApp-Image-2026-04-09-at-9.28.37-PM-1-1-1024x1024.jpeg 1024w, https:\/\/infinityautos.online\/daniel\/wp-content\/uploads\/2026\/04\/WhatsApp-Image-2026-04-09-at-9.28.37-PM-1-1-300x300.jpeg 300w, https:\/\/infinityautos.online\/daniel\/wp-content\/uploads\/2026\/04\/WhatsApp-Image-2026-04-09-at-9.28.37-PM-1-1-100x100.jpeg 100w, https:\/\/infinityautos.online\/daniel\/wp-content\/uploads\/2026\/04\/WhatsApp-Image-2026-04-09-at-9.28.37-PM-1-1-600x600.jpeg 600w, https:\/\/infinityautos.online\/daniel\/wp-content\/uploads\/2026\/04\/WhatsApp-Image-2026-04-09-at-9.28.37-PM-1-1-150x150.jpeg 150w, https:\/\/infinityautos.online\/daniel\/wp-content\/uploads\/2026\/04\/WhatsApp-Image-2026-04-09-at-9.28.37-PM-1-1-768x768.jpeg 768w, https:\/\/infinityautos.online\/daniel\/wp-content\/uploads\/2026\/04\/WhatsApp-Image-2026-04-09-at-9.28.37-PM-1-1.jpeg 1280w\" sizes=\"(max-width: 1024px) 100vw, 1024px\" \/><\/figure>\n<\/div>\n<\/div>\n\n\n\n<p><\/p>\n","protected":false},"excerpt":{"rendered":"<p>\u00bfQuienes somos? Infinity Autos es una empresa dedicada a la venta y comercializaci\u00f3n de veh\u00edculos en la ciudad de Cali y sus alrededores, asociada a la confianza, la movilidad y el progreso personal, ofreciendo a j\u00f3venes profesionales, familias y empresarios la posibilidad de acceder a un carro como s\u00edmbolo de comodidad y crecimiento. Tu pr\u00f3ximo [&hellip;]<\/p>\n","protected":false},"author":1,"featured_media":0,"parent":0,"menu_order":0,"comment_status":"closed","ping_status":"closed","template":"","meta":{"footnotes":""},"class_list":["post-27","page","type-page","status-publish","hentry"],"jetpack_sharing_enabled":true,"_links":{"self":[{"href":"https:\/\/infinityautos.online\/daniel\/wp-json\/wp\/v2\/pages\/27","targetHints":{"allow":["GET"]}}],"collection":[{"href":"https:\/\/infinityautos.online\/daniel\/wp-json\/wp\/v2\/pages"}],"about":[{"href":"https:\/\/infinityautos.online\/daniel\/wp-json\/wp\/v2\/types\/page"}],"author":[{"embeddable":true,"href":"https:\/\/infinityautos.online\/daniel\/wp-json\/wp\/v2\/users\/1"}],"replies":[{"embeddable":true,"href":"https:\/\/infinityautos.online\/daniel\/wp-json\/wp\/v2\/comments?post=27"}],"version-history":[{"count":8,"href":"https:\/\/infinityautos.online\/daniel\/wp-json\/wp\/v2\/pages\/27\/revisions"}],"predecessor-version":[{"id":52,"href":"https:\/\/infinityautos.online\/daniel\/wp-json\/wp\/v2\/pages\/27\/revisions\/52"}],"wp:attachment":[{"href":"https:\/\/infinityautos.online\/daniel\/wp-json\/wp\/v2\/media?parent=27"}],"curies":[{"name":"wp","href":"https:\/\/api.w.org\/{rel}","templated":true}]}}