{"id":256,"date":"2026-04-18T17:43:32","date_gmt":"2026-04-18T15:43:32","guid":{"rendered":"https:\/\/infinityautos.online\/daniel\/?page_id=256"},"modified":"2026-04-25T02:46:32","modified_gmt":"2026-04-25T00:46:32","slug":"landing-page","status":"publish","type":"page","link":"https:\/\/infinityautos.online\/daniel\/landing-page\/","title":{"rendered":"Financiamiento"},"content":{"rendered":"\t\t<div data-elementor-type=\"wp-page\" data-elementor-id=\"256\" class=\"elementor elementor-256\" data-elementor-post-type=\"page\">\n\t\t\t\t\t\t<div class=\"elementor-element elementor-element-fd7038c e-con e-atomic-element e-flexbox-base e-fd7038c-6b4ab35\" data-id=\"fd7038c\" data-element_type=\"e-flexbox\" data-e-type=\"e-flexbox\" data-interaction-id=\"fd7038c\">\n\t\t<div class=\"elementor-element elementor-element-df7b680 e-con-full e-flex e-con e-parent\" data-id=\"df7b680\" data-element_type=\"container\" data-e-type=\"container\">\n\t\t\t\t\t\t\t\n\t\t<img class=\"e-image-base \" \n\t\t\t\t\tdata-interaction-id=\"21627fc\" \n\t\t \n\t\t \n\t\t\t\t\t\t\t\t\tid=\"259\"\n\t\t\t\t\t\t\t\t\t\t\t\tsrc=\"https:\/\/infinityautos.online\/daniel\/wp-content\/uploads\/2026\/04\/WhatsApp-Image-2026-04-09-at-9.52.12-PM.jpeg\"\n\t\t\t\t\t\t\t\t\t\t\t\twidth=\"1024\"\n\t\t\t\t\t\t\t\t\t\t\t\theight=\"1024\"\n\t\t\t\t\t\t\t\t\t\t\t\tsrcset=\"https:\/\/infinityautos.online\/daniel\/wp-content\/uploads\/2026\/04\/WhatsApp-Image-2026-04-09-at-9.52.12-PM.jpeg 1024w, https:\/\/infinityautos.online\/daniel\/wp-content\/uploads\/2026\/04\/WhatsApp-Image-2026-04-09-at-9.52.12-PM-300x300.jpeg 300w, https:\/\/infinityautos.online\/daniel\/wp-content\/uploads\/2026\/04\/WhatsApp-Image-2026-04-09-at-9.52.12-PM-150x150.jpeg 150w, https:\/\/infinityautos.online\/daniel\/wp-content\/uploads\/2026\/04\/WhatsApp-Image-2026-04-09-at-9.52.12-PM-768x768.jpeg 768w, https:\/\/infinityautos.online\/daniel\/wp-content\/uploads\/2026\/04\/WhatsApp-Image-2026-04-09-at-9.52.12-PM-600x600.jpeg 600w, https:\/\/infinityautos.online\/daniel\/wp-content\/uploads\/2026\/04\/WhatsApp-Image-2026-04-09-at-9.52.12-PM-100x100.jpeg 100w\"\n\t\t\t\t\t\t\t\t\t\t\t\talt=\"\"\n\t\t\t\t\t\t\/>\n\t\t\t\t\t<\/div>\n\t\t<div class=\"elementor-element elementor-element-a701b4a e-con-full e-flex e-con e-parent\" data-id=\"a701b4a\" data-element_type=\"container\" data-e-type=\"container\">\n\t\t\t\t\t\t\t\t<p class=\"e-paragraph-base\" data-interaction-id=\"892b343\"  >\n\t\t\t\t\t\t\t\t<strong id=\"e-mo4lcuqu-kgk8aor\">Financia tu auto facil con Infinity.<\/strong><br><br>Opciones de creditos disponibles con bancos y financieras.<br><br>No pierdas esta oportunidad de comprar el auto de tus sue\u00f1os.<br><br>Llena el formulario y un asesor de de Infinity Autos se comunicara contigo&nbsp;\n\t\t\t\t\t<\/p>\n\t\t\t\t<\/div>\n\t\t\t\t<\/div>\n\t\t\t\t<div class=\"elementor-element elementor-element-ac3f920 e-con e-atomic-element e-flexbox-base\" data-id=\"ac3f920\" data-element_type=\"e-flexbox\" data-e-type=\"e-flexbox\" data-interaction-id=\"ac3f920\">\n\t\t<form class=\"e-con e-atomic-element e-form-base form-state-default \"\n      data-id=\"b00e2e6\"\n      data-element_type=\"e-form\"\n      data-e-type=\"e-form\"\n      data-interaction-id=\"b00e2e6\"\n      data-interactions=\"null\"\n      x-data=\"eFormb00e2e6\"\n      x-on:submit=\"submit\"      aria-label=\"Formulario\"\n      data-form-name=\"Formulario\"\n      >\n    \t\t\t<label \n\t\n\tclass=\"e-form-label-base\"\n\tfor=e-form-first-name\n\tdata-interaction-id=\"b8ee84e\"\n\t\n\t\n>Nombre completo<\/label>\n\t\t\t\t\t<input \n\tid=e-form-first-name\n\tname=e-form-first-name\n\tclass=\"e-form-input-base\"\n\ttype=\"text\"\n\tdata-interaction-id=\"7a1e722\"\n\t \n\t\n\tplaceholder=nombre&#x20;y&#x20;apellidos\n\t\n\t\n\/>\n\t\t\t\t\t<label \n\t\n\tclass=\"e-form-label-base\"\n\tfor=e-form-last-name\n\tdata-interaction-id=\"75925ca\"\n\t\n\t\n>Ocupaci\u00f3n<\/label>\n\t\t\t\t\t<input \n\tid=e-form-last-name\n\tname=e-form-last-name\n\tclass=\"e-form-input-base\"\n\ttype=\"text\"\n\tdata-interaction-id=\"9c87e34\"\n\t \n\t\n\tplaceholder=Independiente&#x2F;empelado\n\t\n\t\n\/>\n\t\t\t\t\t<label \n\t\n\tclass=\"e-form-label-base\"\n\tfor=e-form-email\n\tdata-interaction-id=\"5ab78be\"\n\t\n\t\n>Correo electr\u00f3nico<\/label>\n\t\t\t\t\t<input \n\tid=e-form-email\n\tname=e-form-email\n\tclass=\"e-form-input-base\"\n\ttype=\"email\"\n\tdata-interaction-id=\"1d1526b\"\n\t \n\t\n\tplaceholder=your&#x40;mail.com\n\t\n\t\n\/>\n\t\t\t\t\t<label \n\t\n\tclass=\"e-form-label-base\"\n\tfor=e-form-last-name\n\tdata-interaction-id=\"2124730\"\n\t\n\t\n>Numero de contacto<\/label>\n\t\t\t\t\t<input \n\tid=e-form-email\n\tname=e-form-email\n\tclass=\"e-form-input-base\"\n\ttype=\"email\"\n\tdata-interaction-id=\"86adf10\"\n\t \n\t\n\tplaceholder=telefono\n\t\n\t\n\/>\n\t\t\t\t\t<label \n\t\n\tclass=\"e-form-label-base\"\n\tfor=e-form-message\n\tdata-interaction-id=\"9fceb24\"\n\t\n\t\n>Ingresos mensuales<\/label>\n\t\t\t\t\t<textarea\t\n\tid=e-form-message\n\tname=e-form-message\n\tclass=\"e-form-textarea-base\"\n\tdata-interaction-id=\"12de98d\"\n\t\n\t\n\tplaceholder=Your&#x20;message\n\t\n\t\n\trows=4\n\t\n\t\n\tdata-resizable\n><\/textarea>\n\t\t\t\t<div class=\"elementor-element elementor-element-8c0865f e-con e-atomic-element e-flexbox-base e-form-checkbox-row\" data-id=\"8c0865f\" data-element_type=\"e-flexbox\" data-e-type=\"e-flexbox\" data-interaction-id=\"8c0865f\">\n\t\t\t\t\t<input \n\tid=e-form-checkbox\n\tname=checkbox_e-form-checkbox\n\t\n\tclass=\"\"\n\ttype=\"checkbox\"\n\tdata-interaction-id=\"e9e1dd0\"\n\t \n\t\n\t\n\t\n\t\n\/>\n\t\t\t\t\t<label \n\t\n\tclass=\"e-form-label-base\"\n\tfor=e-form-checkbox\n\tdata-interaction-id=\"6da7482\"\n\t\n\t\n>Acepto se contactado&nbsp;<\/label>\n\t\t\t\t<\/div>\n\t\t\t\t\t<button \n\t\n\tclass=\"e-form-submit-button-base\"\n\ttype=\"submit\"\n\tdata-interaction-id=\"ae7e366\"\n\t\n\t\n>Submit<\/button>\n\t\t<div class=\"e-con e-atomic-element e-form-success-message-base message-success \"\n     data-id=\"7677478\"\n     data-element_type=\"e-form-success-message\"\n     data-e-type=\"e-form-success-message\"\n     data-interaction-id=\"7677478\"\n     >\n    \t\t\t\t\t\t<p class=\"e-paragraph-base\" data-interaction-id=\"fe6731a\"  >\n\t\t\t\t\t\t\t\tGreat! We\u2019ve received your information.\n\t\t\t\t\t<\/p>\n\t\t\n<\/div>\n<div class=\"e-con e-atomic-element e-form-error-message-base message-error \"\n     data-id=\"0353c50\"\n     data-element_type=\"e-form-error-message\"\n     data-e-type=\"e-form-error-message\"\n     data-interaction-id=\"0353c50\"\n     >\n    \t\t\t\t\t\t<p class=\"e-paragraph-base\" data-interaction-id=\"cd0a9c5\"  >\n\t\t\t\t\t\t\t\tWe couldn\u2019t process your submission. Please retry\n\t\t\t\t\t<\/p>\n\t\t\n<\/div>\n\n<\/form>\n\t\t<\/div>\n\t\t\t\t<\/div>\n\t\t","protected":false},"excerpt":{"rendered":"<p>Financia tu auto facil con Infinity. Opciones de creditos disponibles con bancos y financieras. No pierdas esta oportunidad de comprar el auto de tus sue\u00f1os. Llena el formulario y un asesor de de Infinity Autos se comunicara contigo&nbsp; Nombre completo Ocupaci\u00f3n Correo electr\u00f3nico Numero de contacto Ingresos mensuales Acepto se contactado&nbsp; Submit Great! We\u2019ve received [&hellip;]<\/p>\n","protected":false},"author":1,"featured_media":0,"parent":0,"menu_order":3,"comment_status":"closed","ping_status":"closed","template":"","meta":{"footnotes":""},"class_list":["post-256","page","type-page","status-publish","hentry"],"jetpack_sharing_enabled":true,"_links":{"self":[{"href":"https:\/\/infinityautos.online\/daniel\/wp-json\/wp\/v2\/pages\/256","targetHints":{"allow":["GET"]}}],"collection":[{"href":"https:\/\/infinityautos.online\/daniel\/wp-json\/wp\/v2\/pages"}],"about":[{"href":"https:\/\/infinityautos.online\/daniel\/wp-json\/wp\/v2\/types\/page"}],"author":[{"embeddable":true,"href":"https:\/\/infinityautos.online\/daniel\/wp-json\/wp\/v2\/users\/1"}],"replies":[{"embeddable":true,"href":"https:\/\/infinityautos.online\/daniel\/wp-json\/wp\/v2\/comments?post=256"}],"version-history":[{"count":8,"href":"https:\/\/infinityautos.online\/daniel\/wp-json\/wp\/v2\/pages\/256\/revisions"}],"predecessor-version":[{"id":266,"href":"https:\/\/infinityautos.online\/daniel\/wp-json\/wp\/v2\/pages\/256\/revisions\/266"}],"wp:attachment":[{"href":"https:\/\/infinityautos.online\/daniel\/wp-json\/wp\/v2\/media?parent=256"}],"curies":[{"name":"wp","href":"https:\/\/api.w.org\/{rel}","templated":true}]}}