{"id":45,"date":"2026-03-27T19:22:58","date_gmt":"2026-03-28T00:22:58","guid":{"rendered":"https:\/\/infinityautos.online\/Lizeth\/?post_type=product&#038;p=45"},"modified":"2026-03-27T19:22:58","modified_gmt":"2026-03-28T00:22:58","slug":"volvo","status":"publish","type":"product","link":"https:\/\/infinityautos.online\/Lizeth\/producto\/volvo\/","title":{"rendered":"VOLVO"},"content":{"rendered":"","protected":false},"excerpt":{"rendered":"<p>SUV que combina elegancia y funcionalidad en cada detalle. Su dise\u00f1o exterior en un sofisticado color blanco resalta en cualquier estacionamiento, mientras que su interior espacioso y moderno ofrece comodidad y tecnolog\u00eda de vanguardia. Equipado con caracter\u00edsticas de seguridad avanzadas y un rendimiento excepcional, el XC40 es la elecci\u00f3n perfecta para quienes buscan un veh\u00edculo que se adapte a su estilo de vida activo y exigente. No pierdas la oportunidad de experimentar la fusi\u00f3n perfecta de lujo y practicidad<\/p>\n","protected":false},"featured_media":46,"comment_status":"open","ping_status":"closed","template":"","meta":[],"product_brand":[],"product_cat":[18],"product_tag":[],"class_list":{"0":"post-45","1":"product","2":"type-product","3":"status-publish","4":"has-post-thumbnail","6":"product_cat-suv","8":"first","9":"instock","10":"shipping-taxable","11":"purchasable","12":"product-type-simple"},"yoast_head":"<!-- This site is optimized with the Yoast SEO plugin v27.5 - https:\/\/yoast.com\/product\/yoast-seo-wordpress\/ -->\n<title>VOLVO - Infinity Autos<\/title>\n<meta name=\"robots\" content=\"index, follow, max-snippet:-1, max-image-preview:large, max-video-preview:-1\" \/>\n<link rel=\"canonical\" href=\"https:\/\/infinityautos.online\/Lizeth\/producto\/volvo\/\" \/>\n<meta property=\"og:locale\" content=\"es_ES\" \/>\n<meta property=\"og:type\" content=\"article\" \/>\n<meta property=\"og:title\" content=\"VOLVO - Infinity Autos\" \/>\n<meta property=\"og:description\" content=\"SUV que combina elegancia y funcionalidad en cada detalle. Su dise\u00f1o exterior en un sofisticado color blanco resalta en cualquier estacionamiento, mientras que su interior espacioso y moderno ofrece comodidad y tecnolog\u00eda de vanguardia. Equipado con caracter\u00edsticas de seguridad avanzadas y un rendimiento excepcional, el XC40 es la elecci\u00f3n perfecta para quienes buscan un veh\u00edculo que se adapte a su estilo de vida activo y exigente. No pierdas la oportunidad de experimentar la fusi\u00f3n perfecta de lujo y practicidad\" \/>\n<meta property=\"og:url\" content=\"https:\/\/infinityautos.online\/Lizeth\/producto\/volvo\/\" \/>\n<meta property=\"og:site_name\" content=\"Infinity Autos\" \/>\n<meta name=\"twitter:card\" content=\"summary_large_image\" \/>\n<script type=\"application\/ld+json\" class=\"yoast-schema-graph\">{\"@context\":\"https:\\\/\\\/schema.org\",\"@graph\":[{\"@type\":\"WebPage\",\"@id\":\"https:\\\/\\\/infinityautos.online\\\/Lizeth\\\/producto\\\/volvo\\\/\",\"url\":\"https:\\\/\\\/infinityautos.online\\\/Lizeth\\\/producto\\\/volvo\\\/\",\"name\":\"VOLVO - Infinity Autos\",\"isPartOf\":{\"@id\":\"https:\\\/\\\/infinityautos.online\\\/Lizeth\\\/#website\"},\"primaryImageOfPage\":{\"@id\":\"https:\\\/\\\/infinityautos.online\\\/Lizeth\\\/producto\\\/volvo\\\/#primaryimage\"},\"image\":{\"@id\":\"https:\\\/\\\/infinityautos.online\\\/Lizeth\\\/producto\\\/volvo\\\/#primaryimage\"},\"thumbnailUrl\":\"https:\\\/\\\/infinityautos.online\\\/Lizeth\\\/wp-content\\\/uploads\\\/2026\\\/03\\\/Diseno-sin-titulo-SUV-3_converted-1.avif\",\"datePublished\":\"2026-03-28T00:22:58+00:00\",\"breadcrumb\":{\"@id\":\"https:\\\/\\\/infinityautos.online\\\/Lizeth\\\/producto\\\/volvo\\\/#breadcrumb\"},\"inLanguage\":\"es-CO\",\"potentialAction\":[{\"@type\":\"ReadAction\",\"target\":[\"https:\\\/\\\/infinityautos.online\\\/Lizeth\\\/producto\\\/volvo\\\/\"]}]},{\"@type\":\"ImageObject\",\"inLanguage\":\"es-CO\",\"@id\":\"https:\\\/\\\/infinityautos.online\\\/Lizeth\\\/producto\\\/volvo\\\/#primaryimage\",\"url\":\"https:\\\/\\\/infinityautos.online\\\/Lizeth\\\/wp-content\\\/uploads\\\/2026\\\/03\\\/Diseno-sin-titulo-SUV-3_converted-1.avif\",\"contentUrl\":\"https:\\\/\\\/infinityautos.online\\\/Lizeth\\\/wp-content\\\/uploads\\\/2026\\\/03\\\/Diseno-sin-titulo-SUV-3_converted-1.avif\",\"width\":1000,\"height\":1000,\"caption\":\"VOLVO SUV\"},{\"@type\":\"BreadcrumbList\",\"@id\":\"https:\\\/\\\/infinityautos.online\\\/Lizeth\\\/producto\\\/volvo\\\/#breadcrumb\",\"itemListElement\":[{\"@type\":\"ListItem\",\"position\":1,\"name\":\"Inicio\",\"item\":\"https:\\\/\\\/infinityautos.online\\\/Lizeth\\\/\"},{\"@type\":\"ListItem\",\"position\":2,\"name\":\"Tienda\",\"item\":\"https:\\\/\\\/infinityautos.online\\\/Lizeth\\\/tienda\\\/\"},{\"@type\":\"ListItem\",\"position\":3,\"name\":\"VOLVO\"}]},{\"@type\":\"WebSite\",\"@id\":\"https:\\\/\\\/infinityautos.online\\\/Lizeth\\\/#website\",\"url\":\"https:\\\/\\\/infinityautos.online\\\/Lizeth\\\/\",\"name\":\"Infinity Autos\",\"description\":\"\",\"potentialAction\":[{\"@type\":\"SearchAction\",\"target\":{\"@type\":\"EntryPoint\",\"urlTemplate\":\"https:\\\/\\\/infinityautos.online\\\/Lizeth\\\/?s={search_term_string}\"},\"query-input\":{\"@type\":\"PropertyValueSpecification\",\"valueRequired\":true,\"valueName\":\"search_term_string\"}}],\"inLanguage\":\"es-CO\"}]}<\/script>\n<!-- \/ Yoast SEO plugin. -->","yoast_head_json":{"title":"VOLVO - Infinity Autos","robots":{"index":"index","follow":"follow","max-snippet":"max-snippet:-1","max-image-preview":"max-image-preview:large","max-video-preview":"max-video-preview:-1"},"canonical":"https:\/\/infinityautos.online\/Lizeth\/producto\/volvo\/","og_locale":"es_ES","og_type":"article","og_title":"VOLVO - Infinity Autos","og_description":"SUV que combina elegancia y funcionalidad en cada detalle. Su dise\u00f1o exterior en un sofisticado color blanco resalta en cualquier estacionamiento, mientras que su interior espacioso y moderno ofrece comodidad y tecnolog\u00eda de vanguardia. Equipado con caracter\u00edsticas de seguridad avanzadas y un rendimiento excepcional, el XC40 es la elecci\u00f3n perfecta para quienes buscan un veh\u00edculo que se adapte a su estilo de vida activo y exigente. No pierdas la oportunidad de experimentar la fusi\u00f3n perfecta de lujo y practicidad","og_url":"https:\/\/infinityautos.online\/Lizeth\/producto\/volvo\/","og_site_name":"Infinity Autos","twitter_card":"summary_large_image","schema":{"@context":"https:\/\/schema.org","@graph":[{"@type":"WebPage","@id":"https:\/\/infinityautos.online\/Lizeth\/producto\/volvo\/","url":"https:\/\/infinityautos.online\/Lizeth\/producto\/volvo\/","name":"VOLVO - Infinity Autos","isPartOf":{"@id":"https:\/\/infinityautos.online\/Lizeth\/#website"},"primaryImageOfPage":{"@id":"https:\/\/infinityautos.online\/Lizeth\/producto\/volvo\/#primaryimage"},"image":{"@id":"https:\/\/infinityautos.online\/Lizeth\/producto\/volvo\/#primaryimage"},"thumbnailUrl":"https:\/\/infinityautos.online\/Lizeth\/wp-content\/uploads\/2026\/03\/Diseno-sin-titulo-SUV-3_converted-1.avif","datePublished":"2026-03-28T00:22:58+00:00","breadcrumb":{"@id":"https:\/\/infinityautos.online\/Lizeth\/producto\/volvo\/#breadcrumb"},"inLanguage":"es-CO","potentialAction":[{"@type":"ReadAction","target":["https:\/\/infinityautos.online\/Lizeth\/producto\/volvo\/"]}]},{"@type":"ImageObject","inLanguage":"es-CO","@id":"https:\/\/infinityautos.online\/Lizeth\/producto\/volvo\/#primaryimage","url":"https:\/\/infinityautos.online\/Lizeth\/wp-content\/uploads\/2026\/03\/Diseno-sin-titulo-SUV-3_converted-1.avif","contentUrl":"https:\/\/infinityautos.online\/Lizeth\/wp-content\/uploads\/2026\/03\/Diseno-sin-titulo-SUV-3_converted-1.avif","width":1000,"height":1000,"caption":"VOLVO SUV"},{"@type":"BreadcrumbList","@id":"https:\/\/infinityautos.online\/Lizeth\/producto\/volvo\/#breadcrumb","itemListElement":[{"@type":"ListItem","position":1,"name":"Inicio","item":"https:\/\/infinityautos.online\/Lizeth\/"},{"@type":"ListItem","position":2,"name":"Tienda","item":"https:\/\/infinityautos.online\/Lizeth\/tienda\/"},{"@type":"ListItem","position":3,"name":"VOLVO"}]},{"@type":"WebSite","@id":"https:\/\/infinityautos.online\/Lizeth\/#website","url":"https:\/\/infinityautos.online\/Lizeth\/","name":"Infinity Autos","description":"","potentialAction":[{"@type":"SearchAction","target":{"@type":"EntryPoint","urlTemplate":"https:\/\/infinityautos.online\/Lizeth\/?s={search_term_string}"},"query-input":{"@type":"PropertyValueSpecification","valueRequired":true,"valueName":"search_term_string"}}],"inLanguage":"es-CO"}]}},"_links":{"self":[{"href":"https:\/\/infinityautos.online\/Lizeth\/wp-json\/wp\/v2\/product\/45","targetHints":{"allow":["GET"]}}],"collection":[{"href":"https:\/\/infinityautos.online\/Lizeth\/wp-json\/wp\/v2\/product"}],"about":[{"href":"https:\/\/infinityautos.online\/Lizeth\/wp-json\/wp\/v2\/types\/product"}],"replies":[{"embeddable":true,"href":"https:\/\/infinityautos.online\/Lizeth\/wp-json\/wp\/v2\/comments?post=45"}],"wp:featuredmedia":[{"embeddable":true,"href":"https:\/\/infinityautos.online\/Lizeth\/wp-json\/wp\/v2\/media\/46"}],"wp:attachment":[{"href":"https:\/\/infinityautos.online\/Lizeth\/wp-json\/wp\/v2\/media?parent=45"}],"wp:term":[{"taxonomy":"product_brand","embeddable":true,"href":"https:\/\/infinityautos.online\/Lizeth\/wp-json\/wp\/v2\/product_brand?post=45"},{"taxonomy":"product_cat","embeddable":true,"href":"https:\/\/infinityautos.online\/Lizeth\/wp-json\/wp\/v2\/product_cat?post=45"},{"taxonomy":"product_tag","embeddable":true,"href":"https:\/\/infinityautos.online\/Lizeth\/wp-json\/wp\/v2\/product_tag?post=45"}],"curies":[{"name":"wp","href":"https:\/\/api.w.org\/{rel}","templated":true}]}}