{"id":43,"date":"2026-03-27T19:12:29","date_gmt":"2026-03-28T00:12:29","guid":{"rendered":"https:\/\/infinityautos.online\/Lizeth\/?post_type=product&#038;p=43"},"modified":"2026-03-27T19:12:30","modified_gmt":"2026-03-28T00:12:30","slug":"mazda3-sedan-at","status":"publish","type":"product","link":"https:\/\/infinityautos.online\/Lizeth\/producto\/mazda3-sedan-at\/","title":{"rendered":"Mazda3 Sedan AT"},"content":{"rendered":"","protected":false},"excerpt":{"rendered":"<p><!--StartFragment --><\/p>\n<p>&nbsp;<\/p>\n<p>un sed\u00e1n elegante y aerodin\u00e1mico que combina estilo y rendimiento. Ofrece conducci\u00f3n suave, tecnolog\u00eda avanzada, interior c\u00f3modo y un motor eficiente ideal para quienes buscan un carro pr\u00e1ctico, moderno y sofisticado. Una experiencia Mazda llena de calidad y dinamismo. <!--EndFragment --><\/p>\n","protected":false},"featured_media":41,"comment_status":"open","ping_status":"closed","template":"","meta":[],"product_brand":[],"product_cat":[17],"product_tag":[],"class_list":{"0":"post-43","1":"product","2":"type-product","3":"status-publish","4":"has-post-thumbnail","6":"product_cat-sedan","8":"first","9":"instock","10":"shipping-taxable","11":"purchasable","12":"product-type-simple"},"yoast_head":"<!-- This site is optimized with the Yoast SEO plugin v27.5 - https:\/\/yoast.com\/product\/yoast-seo-wordpress\/ -->\n<title>Mazda3 Sedan AT - Infinity Autos<\/title>\n<meta name=\"robots\" content=\"index, follow, max-snippet:-1, max-image-preview:large, max-video-preview:-1\" \/>\n<link rel=\"canonical\" href=\"https:\/\/infinityautos.online\/Lizeth\/producto\/mazda3-sedan-at\/\" \/>\n<meta property=\"og:locale\" content=\"es_ES\" \/>\n<meta property=\"og:type\" content=\"article\" \/>\n<meta property=\"og:title\" content=\"Mazda3 Sedan AT - Infinity Autos\" \/>\n<meta property=\"og:description\" content=\"&nbsp;  un sed\u00e1n elegante y aerodin\u00e1mico que combina estilo y rendimiento. Ofrece conducci\u00f3n suave, tecnolog\u00eda avanzada, interior c\u00f3modo y un motor eficiente ideal para quienes buscan un carro pr\u00e1ctico, moderno y sofisticado. Una experiencia Mazda llena de calidad y dinamismo.\" \/>\n<meta property=\"og:url\" content=\"https:\/\/infinityautos.online\/Lizeth\/producto\/mazda3-sedan-at\/\" \/>\n<meta property=\"og:site_name\" content=\"Infinity Autos\" \/>\n<meta property=\"article:modified_time\" content=\"2026-03-28T00:12:30+00:00\" \/>\n<meta name=\"twitter:card\" content=\"summary_large_image\" \/>\n<script type=\"application\/ld+json\" class=\"yoast-schema-graph\">{\"@context\":\"https:\\\/\\\/schema.org\",\"@graph\":[{\"@type\":\"WebPage\",\"@id\":\"https:\\\/\\\/infinityautos.online\\\/Lizeth\\\/producto\\\/mazda3-sedan-at\\\/\",\"url\":\"https:\\\/\\\/infinityautos.online\\\/Lizeth\\\/producto\\\/mazda3-sedan-at\\\/\",\"name\":\"Mazda3 Sedan AT - Infinity Autos\",\"isPartOf\":{\"@id\":\"https:\\\/\\\/infinityautos.online\\\/Lizeth\\\/#website\"},\"primaryImageOfPage\":{\"@id\":\"https:\\\/\\\/infinityautos.online\\\/Lizeth\\\/producto\\\/mazda3-sedan-at\\\/#primaryimage\"},\"image\":{\"@id\":\"https:\\\/\\\/infinityautos.online\\\/Lizeth\\\/producto\\\/mazda3-sedan-at\\\/#primaryimage\"},\"thumbnailUrl\":\"https:\\\/\\\/infinityautos.online\\\/Lizeth\\\/wp-content\\\/uploads\\\/2026\\\/03\\\/Diseno-sin-titulo-SEDAN-2_converted.avif\",\"datePublished\":\"2026-03-28T00:12:29+00:00\",\"dateModified\":\"2026-03-28T00:12:30+00:00\",\"breadcrumb\":{\"@id\":\"https:\\\/\\\/infinityautos.online\\\/Lizeth\\\/producto\\\/mazda3-sedan-at\\\/#breadcrumb\"},\"inLanguage\":\"es-CO\",\"potentialAction\":[{\"@type\":\"ReadAction\",\"target\":[\"https:\\\/\\\/infinityautos.online\\\/Lizeth\\\/producto\\\/mazda3-sedan-at\\\/\"]}]},{\"@type\":\"ImageObject\",\"inLanguage\":\"es-CO\",\"@id\":\"https:\\\/\\\/infinityautos.online\\\/Lizeth\\\/producto\\\/mazda3-sedan-at\\\/#primaryimage\",\"url\":\"https:\\\/\\\/infinityautos.online\\\/Lizeth\\\/wp-content\\\/uploads\\\/2026\\\/03\\\/Diseno-sin-titulo-SEDAN-2_converted.avif\",\"contentUrl\":\"https:\\\/\\\/infinityautos.online\\\/Lizeth\\\/wp-content\\\/uploads\\\/2026\\\/03\\\/Diseno-sin-titulo-SEDAN-2_converted.avif\",\"width\":1000,\"height\":1000,\"caption\":\"Vehiculo sedan\"},{\"@type\":\"BreadcrumbList\",\"@id\":\"https:\\\/\\\/infinityautos.online\\\/Lizeth\\\/producto\\\/mazda3-sedan-at\\\/#breadcrumb\",\"itemListElement\":[{\"@type\":\"ListItem\",\"position\":1,\"name\":\"Inicio\",\"item\":\"https:\\\/\\\/infinityautos.online\\\/Lizeth\\\/\"},{\"@type\":\"ListItem\",\"position\":2,\"name\":\"Tienda\",\"item\":\"https:\\\/\\\/infinityautos.online\\\/Lizeth\\\/tienda\\\/\"},{\"@type\":\"ListItem\",\"position\":3,\"name\":\"Mazda3 Sedan AT\"}]},{\"@type\":\"WebSite\",\"@id\":\"https:\\\/\\\/infinityautos.online\\\/Lizeth\\\/#website\",\"url\":\"https:\\\/\\\/infinityautos.online\\\/Lizeth\\\/\",\"name\":\"Infinity Autos\",\"description\":\"\",\"potentialAction\":[{\"@type\":\"SearchAction\",\"target\":{\"@type\":\"EntryPoint\",\"urlTemplate\":\"https:\\\/\\\/infinityautos.online\\\/Lizeth\\\/?s={search_term_string}\"},\"query-input\":{\"@type\":\"PropertyValueSpecification\",\"valueRequired\":true,\"valueName\":\"search_term_string\"}}],\"inLanguage\":\"es-CO\"}]}<\/script>\n<!-- \/ Yoast SEO plugin. -->","yoast_head_json":{"title":"Mazda3 Sedan AT - Infinity Autos","robots":{"index":"index","follow":"follow","max-snippet":"max-snippet:-1","max-image-preview":"max-image-preview:large","max-video-preview":"max-video-preview:-1"},"canonical":"https:\/\/infinityautos.online\/Lizeth\/producto\/mazda3-sedan-at\/","og_locale":"es_ES","og_type":"article","og_title":"Mazda3 Sedan AT - Infinity Autos","og_description":"&nbsp;  un sed\u00e1n elegante y aerodin\u00e1mico que combina estilo y rendimiento. Ofrece conducci\u00f3n suave, tecnolog\u00eda avanzada, interior c\u00f3modo y un motor eficiente ideal para quienes buscan un carro pr\u00e1ctico, moderno y sofisticado. Una experiencia Mazda llena de calidad y dinamismo.","og_url":"https:\/\/infinityautos.online\/Lizeth\/producto\/mazda3-sedan-at\/","og_site_name":"Infinity Autos","article_modified_time":"2026-03-28T00:12:30+00:00","twitter_card":"summary_large_image","schema":{"@context":"https:\/\/schema.org","@graph":[{"@type":"WebPage","@id":"https:\/\/infinityautos.online\/Lizeth\/producto\/mazda3-sedan-at\/","url":"https:\/\/infinityautos.online\/Lizeth\/producto\/mazda3-sedan-at\/","name":"Mazda3 Sedan AT - Infinity Autos","isPartOf":{"@id":"https:\/\/infinityautos.online\/Lizeth\/#website"},"primaryImageOfPage":{"@id":"https:\/\/infinityautos.online\/Lizeth\/producto\/mazda3-sedan-at\/#primaryimage"},"image":{"@id":"https:\/\/infinityautos.online\/Lizeth\/producto\/mazda3-sedan-at\/#primaryimage"},"thumbnailUrl":"https:\/\/infinityautos.online\/Lizeth\/wp-content\/uploads\/2026\/03\/Diseno-sin-titulo-SEDAN-2_converted.avif","datePublished":"2026-03-28T00:12:29+00:00","dateModified":"2026-03-28T00:12:30+00:00","breadcrumb":{"@id":"https:\/\/infinityautos.online\/Lizeth\/producto\/mazda3-sedan-at\/#breadcrumb"},"inLanguage":"es-CO","potentialAction":[{"@type":"ReadAction","target":["https:\/\/infinityautos.online\/Lizeth\/producto\/mazda3-sedan-at\/"]}]},{"@type":"ImageObject","inLanguage":"es-CO","@id":"https:\/\/infinityautos.online\/Lizeth\/producto\/mazda3-sedan-at\/#primaryimage","url":"https:\/\/infinityautos.online\/Lizeth\/wp-content\/uploads\/2026\/03\/Diseno-sin-titulo-SEDAN-2_converted.avif","contentUrl":"https:\/\/infinityautos.online\/Lizeth\/wp-content\/uploads\/2026\/03\/Diseno-sin-titulo-SEDAN-2_converted.avif","width":1000,"height":1000,"caption":"Vehiculo sedan"},{"@type":"BreadcrumbList","@id":"https:\/\/infinityautos.online\/Lizeth\/producto\/mazda3-sedan-at\/#breadcrumb","itemListElement":[{"@type":"ListItem","position":1,"name":"Inicio","item":"https:\/\/infinityautos.online\/Lizeth\/"},{"@type":"ListItem","position":2,"name":"Tienda","item":"https:\/\/infinityautos.online\/Lizeth\/tienda\/"},{"@type":"ListItem","position":3,"name":"Mazda3 Sedan AT"}]},{"@type":"WebSite","@id":"https:\/\/infinityautos.online\/Lizeth\/#website","url":"https:\/\/infinityautos.online\/Lizeth\/","name":"Infinity Autos","description":"","potentialAction":[{"@type":"SearchAction","target":{"@type":"EntryPoint","urlTemplate":"https:\/\/infinityautos.online\/Lizeth\/?s={search_term_string}"},"query-input":{"@type":"PropertyValueSpecification","valueRequired":true,"valueName":"search_term_string"}}],"inLanguage":"es-CO"}]}},"_links":{"self":[{"href":"https:\/\/infinityautos.online\/Lizeth\/wp-json\/wp\/v2\/product\/43","targetHints":{"allow":["GET"]}}],"collection":[{"href":"https:\/\/infinityautos.online\/Lizeth\/wp-json\/wp\/v2\/product"}],"about":[{"href":"https:\/\/infinityautos.online\/Lizeth\/wp-json\/wp\/v2\/types\/product"}],"replies":[{"embeddable":true,"href":"https:\/\/infinityautos.online\/Lizeth\/wp-json\/wp\/v2\/comments?post=43"}],"wp:featuredmedia":[{"embeddable":true,"href":"https:\/\/infinityautos.online\/Lizeth\/wp-json\/wp\/v2\/media\/41"}],"wp:attachment":[{"href":"https:\/\/infinityautos.online\/Lizeth\/wp-json\/wp\/v2\/media?parent=43"}],"wp:term":[{"taxonomy":"product_brand","embeddable":true,"href":"https:\/\/infinityautos.online\/Lizeth\/wp-json\/wp\/v2\/product_brand?post=43"},{"taxonomy":"product_cat","embeddable":true,"href":"https:\/\/infinityautos.online\/Lizeth\/wp-json\/wp\/v2\/product_cat?post=43"},{"taxonomy":"product_tag","embeddable":true,"href":"https:\/\/infinityautos.online\/Lizeth\/wp-json\/wp\/v2\/product_tag?post=43"}],"curies":[{"name":"wp","href":"https:\/\/api.w.org\/{rel}","templated":true}]}}