{"id":23,"date":"2026-03-21T11:08:01","date_gmt":"2026-03-21T16:08:01","guid":{"rendered":"https:\/\/infinityautos.online\/Lizeth\/?page_id=23"},"modified":"2026-04-11T09:45:03","modified_gmt":"2026-04-11T14:45:03","slug":"preguntas-frecuentes","status":"publish","type":"page","link":"https:\/\/infinityautos.online\/Lizeth\/preguntas-frecuentes\/","title":{"rendered":"Preguntas Frecuentes"},"content":{"rendered":"\n<div class=\"container section-title-container\" ><h1 class=\"section-title section-title-center\"><b aria-hidden=\"true\"><\/b><span class=\"section-title-main\" style=\"font-size:112%;color:rgb(18, 74, 78);\"><i class=\"icon-star\" aria-hidden=\"true\"><\/i>PREGUNTAS FRECUENTES<\/span><b aria-hidden=\"true\"><\/b><\/h1><\/div>\n\n<div class=\"accordion\">\n\n\t<div id=\"accordion-71439592\" class=\"accordion-item\">\n\t\t<a id=\"accordion-71439592-label\" class=\"accordion-title plain\" href=\"#accordion-item-\u00bfdonde-est\u00e1n-ubicados?\" aria-expanded=\"false\" aria-controls=\"accordion-71439592-content\">\n\t\t\t<button class=\"toggle\" aria-label=\"Toggle\"><i class=\"icon-angle-down\" aria-hidden=\"true\"><\/i><\/button>\n\t\t\t<span>\u00bfDonde est\u00e1n ubicados?<\/span>\n\t\t<\/a>\n\t\t<div id=\"accordion-71439592-content\" class=\"accordion-inner\" aria-labelledby=\"accordion-71439592-label\">\n\t\t\t\n\n<p>Ciudad de cali, se ense\u00f1a los vehiculos donde el cliente lo desee<\/p>\n\n\t\t<\/div>\n\t<\/div>\n\t\n\t<div id=\"accordion-3731915803\" class=\"accordion-item\">\n\t\t<a id=\"accordion-3731915803-label\" class=\"accordion-title plain\" href=\"#accordion-item-\u00bfque-vehiculos-tiene-disponible?\" aria-expanded=\"false\" aria-controls=\"accordion-3731915803-content\">\n\t\t\t<button class=\"toggle\" aria-label=\"Toggle\"><i class=\"icon-angle-down\" aria-hidden=\"true\"><\/i><\/button>\n\t\t\t<span>\u00bfQue vehiculos tiene disponible?<\/span>\n\t\t<\/a>\n\t\t<div id=\"accordion-3731915803-content\" class=\"accordion-inner\" aria-labelledby=\"accordion-3731915803-label\">\n\t\t\t\n\n<p>Los veh\u00edculos rotan constantemente, pero quisiera saber qu\u00e9 tipo de veh\u00edculo<br \/>est\u00e1 buscando para ver nuestra disponibilidad y enviar las fotos por medio de <a href=\"https:\/\/wa.me\/573218005685\">WhatsApp<\/a>.<\/p>\n\n\t\t<\/div>\n\t<\/div>\n\t\n\t<div id=\"accordion-3559034296\" class=\"accordion-item\">\n\t\t<a id=\"accordion-3559034296-label\" class=\"accordion-title plain\" href=\"#accordion-item-\u00bflo-puedo-financiar?\" aria-expanded=\"false\" aria-controls=\"accordion-3559034296-content\">\n\t\t\t<button class=\"toggle\" aria-label=\"Toggle\"><i class=\"icon-angle-down\" aria-hidden=\"true\"><\/i><\/button>\n\t\t\t<span>\u00bfLo puedo financiar?<\/span>\n\t\t<\/a>\n\t\t<div id=\"accordion-3559034296-content\" class=\"accordion-inner\" aria-labelledby=\"accordion-3559034296-label\">\n\t\t\t\n\n<p>Si requieres financiaci\u00f3n tenemos alianza con diversos bancos, con aprobaci\u00f3n inmediata <\/p>\n\n\t\t<\/div>\n\t<\/div>\n\t\n\t<div id=\"accordion-371702519\" class=\"accordion-item\">\n\t\t<a id=\"accordion-371702519-label\" class=\"accordion-title plain\" href=\"#accordion-item-\u00bfaceptan-carro-en-parte-de-pago?\" aria-expanded=\"false\" aria-controls=\"accordion-371702519-content\">\n\t\t\t<button class=\"toggle\" aria-label=\"Toggle\"><i class=\"icon-angle-down\" aria-hidden=\"true\"><\/i><\/button>\n\t\t\t<span>\u00bfAceptan carro en parte de pago?<\/span>\n\t\t<\/a>\n\t\t<div id=\"accordion-371702519-content\" class=\"accordion-inner\" aria-labelledby=\"accordion-371702519-label\">\n\t\t\t\n\n<p>Depende si el carro es comercial y su estado se encuentra en las mejores condiciones se puede entrar en la negociaci\u00f3n.<\/p>\n\n\t\t<\/div>\n\t<\/div>\n\t\n\t<div id=\"accordion-3735030217\" class=\"accordion-item\">\n\t\t<a id=\"accordion-3735030217-label\" class=\"accordion-title plain\" href=\"#accordion-item-\u00bfpuedo-hacer-una-prueba-de-manejo?\" aria-expanded=\"false\" aria-controls=\"accordion-3735030217-content\">\n\t\t\t<button class=\"toggle\" aria-label=\"Toggle\"><i class=\"icon-angle-down\" aria-hidden=\"true\"><\/i><\/button>\n\t\t\t<span>\u00bfPuedo hacer una prueba de manejo?<\/span>\n\t\t<\/a>\n\t\t<div id=\"accordion-3735030217-content\" class=\"accordion-inner\" aria-labelledby=\"accordion-3735030217-label\">\n\t\t\t\n\n<p>Si, el veh\u00edculo es les llama la atenci\u00f3n,  claro se realiza inmediato la prueba de ruta<\/p>\n\n\t\t<\/div>\n\t<\/div>\n\t\n\n<\/div>\n\n","protected":false},"excerpt":{"rendered":"","protected":false},"author":1,"featured_media":0,"parent":0,"menu_order":0,"comment_status":"closed","ping_status":"closed","template":"","meta":{"footnotes":""},"class_list":["post-23","page","type-page","status-publish","hentry"],"yoast_head":"<!-- This site is optimized with the Yoast SEO plugin v27.5 - https:\/\/yoast.com\/product\/yoast-seo-wordpress\/ -->\n<title>Preguntas Frecuentes - Infinity Autos<\/title>\n<meta name=\"robots\" content=\"index, follow, max-snippet:-1, max-image-preview:large, max-video-preview:-1\" \/>\n<link rel=\"canonical\" href=\"https:\/\/infinityautos.online\/Lizeth\/preguntas-frecuentes\/\" \/>\n<meta property=\"og:locale\" content=\"es_ES\" \/>\n<meta property=\"og:type\" content=\"article\" \/>\n<meta property=\"og:title\" content=\"Preguntas Frecuentes - Infinity Autos\" \/>\n<meta property=\"og:url\" content=\"https:\/\/infinityautos.online\/Lizeth\/preguntas-frecuentes\/\" \/>\n<meta property=\"og:site_name\" content=\"Infinity Autos\" \/>\n<meta property=\"article:modified_time\" content=\"2026-04-11T14:45:03+00:00\" \/>\n<meta name=\"twitter:card\" content=\"summary_large_image\" \/>\n<meta name=\"twitter:label1\" content=\"Tiempo de lectura\" \/>\n\t<meta name=\"twitter:data1\" content=\"1 minuto\" \/>\n<script type=\"application\/ld+json\" class=\"yoast-schema-graph\">{\"@context\":\"https:\\\/\\\/schema.org\",\"@graph\":[{\"@type\":\"WebPage\",\"@id\":\"https:\\\/\\\/infinityautos.online\\\/Lizeth\\\/preguntas-frecuentes\\\/\",\"url\":\"https:\\\/\\\/infinityautos.online\\\/Lizeth\\\/preguntas-frecuentes\\\/\",\"name\":\"Preguntas Frecuentes - Infinity Autos\",\"isPartOf\":{\"@id\":\"https:\\\/\\\/infinityautos.online\\\/Lizeth\\\/#website\"},\"datePublished\":\"2026-03-21T16:08:01+00:00\",\"dateModified\":\"2026-04-11T14:45:03+00:00\",\"breadcrumb\":{\"@id\":\"https:\\\/\\\/infinityautos.online\\\/Lizeth\\\/preguntas-frecuentes\\\/#breadcrumb\"},\"inLanguage\":\"es-CO\",\"potentialAction\":[{\"@type\":\"ReadAction\",\"target\":[\"https:\\\/\\\/infinityautos.online\\\/Lizeth\\\/preguntas-frecuentes\\\/\"]}]},{\"@type\":\"BreadcrumbList\",\"@id\":\"https:\\\/\\\/infinityautos.online\\\/Lizeth\\\/preguntas-frecuentes\\\/#breadcrumb\",\"itemListElement\":[{\"@type\":\"ListItem\",\"position\":1,\"name\":\"Inicio\",\"item\":\"https:\\\/\\\/infinityautos.online\\\/Lizeth\\\/\"},{\"@type\":\"ListItem\",\"position\":2,\"name\":\"Preguntas Frecuentes\"}]},{\"@type\":\"WebSite\",\"@id\":\"https:\\\/\\\/infinityautos.online\\\/Lizeth\\\/#website\",\"url\":\"https:\\\/\\\/infinityautos.online\\\/Lizeth\\\/\",\"name\":\"Infinity Autos\",\"description\":\"\",\"potentialAction\":[{\"@type\":\"SearchAction\",\"target\":{\"@type\":\"EntryPoint\",\"urlTemplate\":\"https:\\\/\\\/infinityautos.online\\\/Lizeth\\\/?s={search_term_string}\"},\"query-input\":{\"@type\":\"PropertyValueSpecification\",\"valueRequired\":true,\"valueName\":\"search_term_string\"}}],\"inLanguage\":\"es-CO\"}]}<\/script>\n<!-- \/ Yoast SEO plugin. -->","yoast_head_json":{"title":"Preguntas Frecuentes - Infinity Autos","robots":{"index":"index","follow":"follow","max-snippet":"max-snippet:-1","max-image-preview":"max-image-preview:large","max-video-preview":"max-video-preview:-1"},"canonical":"https:\/\/infinityautos.online\/Lizeth\/preguntas-frecuentes\/","og_locale":"es_ES","og_type":"article","og_title":"Preguntas Frecuentes - Infinity Autos","og_url":"https:\/\/infinityautos.online\/Lizeth\/preguntas-frecuentes\/","og_site_name":"Infinity Autos","article_modified_time":"2026-04-11T14:45:03+00:00","twitter_card":"summary_large_image","twitter_misc":{"Tiempo de lectura":"1 minuto"},"schema":{"@context":"https:\/\/schema.org","@graph":[{"@type":"WebPage","@id":"https:\/\/infinityautos.online\/Lizeth\/preguntas-frecuentes\/","url":"https:\/\/infinityautos.online\/Lizeth\/preguntas-frecuentes\/","name":"Preguntas Frecuentes - Infinity Autos","isPartOf":{"@id":"https:\/\/infinityautos.online\/Lizeth\/#website"},"datePublished":"2026-03-21T16:08:01+00:00","dateModified":"2026-04-11T14:45:03+00:00","breadcrumb":{"@id":"https:\/\/infinityautos.online\/Lizeth\/preguntas-frecuentes\/#breadcrumb"},"inLanguage":"es-CO","potentialAction":[{"@type":"ReadAction","target":["https:\/\/infinityautos.online\/Lizeth\/preguntas-frecuentes\/"]}]},{"@type":"BreadcrumbList","@id":"https:\/\/infinityautos.online\/Lizeth\/preguntas-frecuentes\/#breadcrumb","itemListElement":[{"@type":"ListItem","position":1,"name":"Inicio","item":"https:\/\/infinityautos.online\/Lizeth\/"},{"@type":"ListItem","position":2,"name":"Preguntas Frecuentes"}]},{"@type":"WebSite","@id":"https:\/\/infinityautos.online\/Lizeth\/#website","url":"https:\/\/infinityautos.online\/Lizeth\/","name":"Infinity Autos","description":"","potentialAction":[{"@type":"SearchAction","target":{"@type":"EntryPoint","urlTemplate":"https:\/\/infinityautos.online\/Lizeth\/?s={search_term_string}"},"query-input":{"@type":"PropertyValueSpecification","valueRequired":true,"valueName":"search_term_string"}}],"inLanguage":"es-CO"}]}},"_links":{"self":[{"href":"https:\/\/infinityautos.online\/Lizeth\/wp-json\/wp\/v2\/pages\/23","targetHints":{"allow":["GET"]}}],"collection":[{"href":"https:\/\/infinityautos.online\/Lizeth\/wp-json\/wp\/v2\/pages"}],"about":[{"href":"https:\/\/infinityautos.online\/Lizeth\/wp-json\/wp\/v2\/types\/page"}],"author":[{"embeddable":true,"href":"https:\/\/infinityautos.online\/Lizeth\/wp-json\/wp\/v2\/users\/1"}],"replies":[{"embeddable":true,"href":"https:\/\/infinityautos.online\/Lizeth\/wp-json\/wp\/v2\/comments?post=23"}],"version-history":[{"count":4,"href":"https:\/\/infinityautos.online\/Lizeth\/wp-json\/wp\/v2\/pages\/23\/revisions"}],"predecessor-version":[{"id":84,"href":"https:\/\/infinityautos.online\/Lizeth\/wp-json\/wp\/v2\/pages\/23\/revisions\/84"}],"wp:attachment":[{"href":"https:\/\/infinityautos.online\/Lizeth\/wp-json\/wp\/v2\/media?parent=23"}],"curies":[{"name":"wp","href":"https:\/\/api.w.org\/{rel}","templated":true}]}}