{"id":340,"date":"2026-03-24T01:45:37","date_gmt":"2026-03-24T00:45:37","guid":{"rendered":"https:\/\/infinityautos.online\/Alan\/?post_type=product&#038;p=340"},"modified":"2026-03-24T01:45:38","modified_gmt":"2026-03-24T00:45:38","slug":"lexus-570-2015","status":"publish","type":"product","link":"https:\/\/infinityautos.online\/Alan\/producto\/lexus-570-2015\/","title":{"rendered":"Lexus 570 2015"},"content":{"rendered":"","protected":false},"excerpt":{"rendered":"<p>Actualizada 2023<\/p>\n<p>Kilometraje: 83.000km<\/p>\n<p>Tracci\u00f3n 4&#215;4<\/p>\n<p>Motor: 5.7 L \/383 hp \/ 546 N.m)<\/p>\n<p>Transmisi\u00f3n: Autom\u00e1tica<\/p>\n<p>Color: Blanco perlado<\/p>\n<p>asientos con climatizaci\u00f3n<\/p>\n<p>control de tracci\u00f3n y estabilidad<\/p>\n","protected":false},"featured_media":341,"comment_status":"open","ping_status":"closed","template":"","meta":{"_joinchat":[]},"product_brand":[],"product_cat":[71],"product_tag":[],"class_list":{"0":"post-340","1":"product","2":"type-product","3":"status-publish","4":"has-post-thumbnail","6":"product_cat-camionetas","8":"first","9":"instock","10":"shipping-taxable","11":"purchasable","12":"product-type-simple"},"yoast_head":"<!-- This site is optimized with the Yoast SEO plugin v27.5 - https:\/\/yoast.com\/product\/yoast-seo-wordpress\/ -->\n<title>Lexus 570 2015 - Infinity Autos-E-Commerce<\/title>\n<meta name=\"robots\" content=\"index, follow, max-snippet:-1, max-image-preview:large, max-video-preview:-1\" \/>\n<link rel=\"canonical\" href=\"https:\/\/infinityautos.online\/Alan\/producto\/lexus-570-2015\/\" \/>\n<meta property=\"og:locale\" content=\"es_ES\" \/>\n<meta property=\"og:type\" content=\"article\" \/>\n<meta property=\"og:title\" content=\"Lexus 570 2015 - Infinity Autos-E-Commerce\" \/>\n<meta property=\"og:description\" content=\"Actualizada 2023  Kilometraje: 83.000km  Tracci\u00f3n 4x4  Motor: 5.7 L \/383 hp \/ 546 N.m)  Transmisi\u00f3n: Autom\u00e1tica  Color: Blanco perlado  asientos con climatizaci\u00f3n  control de tracci\u00f3n y estabilidad\" \/>\n<meta property=\"og:url\" content=\"https:\/\/infinityautos.online\/Alan\/producto\/lexus-570-2015\/\" \/>\n<meta property=\"og:site_name\" content=\"Infinity Autos-E-Commerce\" \/>\n<meta property=\"article:modified_time\" content=\"2026-03-24T00:45:38+00:00\" \/>\n<meta property=\"og:image\" content=\"https:\/\/infinityautos.online\/Alan\/wp-content\/uploads\/2026\/03\/caraprado-1.jpg\" \/>\n\t<meta property=\"og:image:width\" content=\"1000\" \/>\n\t<meta property=\"og:image:height\" content=\"1000\" \/>\n\t<meta property=\"og:image:type\" content=\"image\/jpeg\" \/>\n<meta name=\"twitter:card\" content=\"summary_large_image\" \/>\n<script type=\"application\/ld+json\" class=\"yoast-schema-graph\">{\"@context\":\"https:\\\/\\\/schema.org\",\"@graph\":[{\"@type\":\"WebPage\",\"@id\":\"https:\\\/\\\/infinityautos.online\\\/Alan\\\/producto\\\/lexus-570-2015\\\/\",\"url\":\"https:\\\/\\\/infinityautos.online\\\/Alan\\\/producto\\\/lexus-570-2015\\\/\",\"name\":\"Lexus 570 2015 - Infinity Autos-E-Commerce\",\"isPartOf\":{\"@id\":\"https:\\\/\\\/infinityautos.online\\\/Alan\\\/#website\"},\"primaryImageOfPage\":{\"@id\":\"https:\\\/\\\/infinityautos.online\\\/Alan\\\/producto\\\/lexus-570-2015\\\/#primaryimage\"},\"image\":{\"@id\":\"https:\\\/\\\/infinityautos.online\\\/Alan\\\/producto\\\/lexus-570-2015\\\/#primaryimage\"},\"thumbnailUrl\":\"https:\\\/\\\/infinityautos.online\\\/Alan\\\/wp-content\\\/uploads\\\/2026\\\/03\\\/caraprado-1.jpg\",\"datePublished\":\"2026-03-24T00:45:37+00:00\",\"dateModified\":\"2026-03-24T00:45:38+00:00\",\"breadcrumb\":{\"@id\":\"https:\\\/\\\/infinityautos.online\\\/Alan\\\/producto\\\/lexus-570-2015\\\/#breadcrumb\"},\"inLanguage\":\"es\",\"potentialAction\":[{\"@type\":\"ReadAction\",\"target\":[\"https:\\\/\\\/infinityautos.online\\\/Alan\\\/producto\\\/lexus-570-2015\\\/\"]}]},{\"@type\":\"ImageObject\",\"inLanguage\":\"es\",\"@id\":\"https:\\\/\\\/infinityautos.online\\\/Alan\\\/producto\\\/lexus-570-2015\\\/#primaryimage\",\"url\":\"https:\\\/\\\/infinityautos.online\\\/Alan\\\/wp-content\\\/uploads\\\/2026\\\/03\\\/caraprado-1.jpg\",\"contentUrl\":\"https:\\\/\\\/infinityautos.online\\\/Alan\\\/wp-content\\\/uploads\\\/2026\\\/03\\\/caraprado-1.jpg\",\"width\":1000,\"height\":1000,\"caption\":\"Cara\"},{\"@type\":\"BreadcrumbList\",\"@id\":\"https:\\\/\\\/infinityautos.online\\\/Alan\\\/producto\\\/lexus-570-2015\\\/#breadcrumb\",\"itemListElement\":[{\"@type\":\"ListItem\",\"position\":1,\"name\":\"Portada\",\"item\":\"https:\\\/\\\/infinityautos.online\\\/Alan\\\/\"},{\"@type\":\"ListItem\",\"position\":2,\"name\":\"Productos\",\"item\":\"https:\\\/\\\/infinityautos.online\\\/Alan\\\/shop\\\/\"},{\"@type\":\"ListItem\",\"position\":3,\"name\":\"Lexus 570 2015\"}]},{\"@type\":\"WebSite\",\"@id\":\"https:\\\/\\\/infinityautos.online\\\/Alan\\\/#website\",\"url\":\"https:\\\/\\\/infinityautos.online\\\/Alan\\\/\",\"name\":\"Infinity Autos-E-Commerce\",\"description\":\"Carros Usados\",\"potentialAction\":[{\"@type\":\"SearchAction\",\"target\":{\"@type\":\"EntryPoint\",\"urlTemplate\":\"https:\\\/\\\/infinityautos.online\\\/Alan\\\/?s={search_term_string}\"},\"query-input\":{\"@type\":\"PropertyValueSpecification\",\"valueRequired\":true,\"valueName\":\"search_term_string\"}}],\"inLanguage\":\"es\"}]}<\/script>\n<!-- \/ Yoast SEO plugin. -->","yoast_head_json":{"title":"Lexus 570 2015 - Infinity Autos-E-Commerce","robots":{"index":"index","follow":"follow","max-snippet":"max-snippet:-1","max-image-preview":"max-image-preview:large","max-video-preview":"max-video-preview:-1"},"canonical":"https:\/\/infinityautos.online\/Alan\/producto\/lexus-570-2015\/","og_locale":"es_ES","og_type":"article","og_title":"Lexus 570 2015 - Infinity Autos-E-Commerce","og_description":"Actualizada 2023  Kilometraje: 83.000km  Tracci\u00f3n 4x4  Motor: 5.7 L \/383 hp \/ 546 N.m)  Transmisi\u00f3n: Autom\u00e1tica  Color: Blanco perlado  asientos con climatizaci\u00f3n  control de tracci\u00f3n y estabilidad","og_url":"https:\/\/infinityautos.online\/Alan\/producto\/lexus-570-2015\/","og_site_name":"Infinity Autos-E-Commerce","article_modified_time":"2026-03-24T00:45:38+00:00","og_image":[{"width":1000,"height":1000,"url":"https:\/\/infinityautos.online\/Alan\/wp-content\/uploads\/2026\/03\/caraprado-1.jpg","type":"image\/jpeg"}],"twitter_card":"summary_large_image","schema":{"@context":"https:\/\/schema.org","@graph":[{"@type":"WebPage","@id":"https:\/\/infinityautos.online\/Alan\/producto\/lexus-570-2015\/","url":"https:\/\/infinityautos.online\/Alan\/producto\/lexus-570-2015\/","name":"Lexus 570 2015 - Infinity Autos-E-Commerce","isPartOf":{"@id":"https:\/\/infinityautos.online\/Alan\/#website"},"primaryImageOfPage":{"@id":"https:\/\/infinityautos.online\/Alan\/producto\/lexus-570-2015\/#primaryimage"},"image":{"@id":"https:\/\/infinityautos.online\/Alan\/producto\/lexus-570-2015\/#primaryimage"},"thumbnailUrl":"https:\/\/infinityautos.online\/Alan\/wp-content\/uploads\/2026\/03\/caraprado-1.jpg","datePublished":"2026-03-24T00:45:37+00:00","dateModified":"2026-03-24T00:45:38+00:00","breadcrumb":{"@id":"https:\/\/infinityautos.online\/Alan\/producto\/lexus-570-2015\/#breadcrumb"},"inLanguage":"es","potentialAction":[{"@type":"ReadAction","target":["https:\/\/infinityautos.online\/Alan\/producto\/lexus-570-2015\/"]}]},{"@type":"ImageObject","inLanguage":"es","@id":"https:\/\/infinityautos.online\/Alan\/producto\/lexus-570-2015\/#primaryimage","url":"https:\/\/infinityautos.online\/Alan\/wp-content\/uploads\/2026\/03\/caraprado-1.jpg","contentUrl":"https:\/\/infinityautos.online\/Alan\/wp-content\/uploads\/2026\/03\/caraprado-1.jpg","width":1000,"height":1000,"caption":"Cara"},{"@type":"BreadcrumbList","@id":"https:\/\/infinityautos.online\/Alan\/producto\/lexus-570-2015\/#breadcrumb","itemListElement":[{"@type":"ListItem","position":1,"name":"Portada","item":"https:\/\/infinityautos.online\/Alan\/"},{"@type":"ListItem","position":2,"name":"Productos","item":"https:\/\/infinityautos.online\/Alan\/shop\/"},{"@type":"ListItem","position":3,"name":"Lexus 570 2015"}]},{"@type":"WebSite","@id":"https:\/\/infinityautos.online\/Alan\/#website","url":"https:\/\/infinityautos.online\/Alan\/","name":"Infinity Autos-E-Commerce","description":"Carros Usados","potentialAction":[{"@type":"SearchAction","target":{"@type":"EntryPoint","urlTemplate":"https:\/\/infinityautos.online\/Alan\/?s={search_term_string}"},"query-input":{"@type":"PropertyValueSpecification","valueRequired":true,"valueName":"search_term_string"}}],"inLanguage":"es"}]}},"_links":{"self":[{"href":"https:\/\/infinityautos.online\/Alan\/wp-json\/wp\/v2\/product\/340","targetHints":{"allow":["GET"]}}],"collection":[{"href":"https:\/\/infinityautos.online\/Alan\/wp-json\/wp\/v2\/product"}],"about":[{"href":"https:\/\/infinityautos.online\/Alan\/wp-json\/wp\/v2\/types\/product"}],"replies":[{"embeddable":true,"href":"https:\/\/infinityautos.online\/Alan\/wp-json\/wp\/v2\/comments?post=340"}],"wp:featuredmedia":[{"embeddable":true,"href":"https:\/\/infinityautos.online\/Alan\/wp-json\/wp\/v2\/media\/341"}],"wp:attachment":[{"href":"https:\/\/infinityautos.online\/Alan\/wp-json\/wp\/v2\/media?parent=340"}],"wp:term":[{"taxonomy":"product_brand","embeddable":true,"href":"https:\/\/infinityautos.online\/Alan\/wp-json\/wp\/v2\/product_brand?post=340"},{"taxonomy":"product_cat","embeddable":true,"href":"https:\/\/infinityautos.online\/Alan\/wp-json\/wp\/v2\/product_cat?post=340"},{"taxonomy":"product_tag","embeddable":true,"href":"https:\/\/infinityautos.online\/Alan\/wp-json\/wp\/v2\/product_tag?post=340"}],"curies":[{"name":"wp","href":"https:\/\/api.w.org\/{rel}","templated":true}]}}