{"id":280,"date":"2026-03-21T17:06:10","date_gmt":"2026-03-21T16:06:10","guid":{"rendered":"https:\/\/infinityautos.online\/Alan\/?page_id=280"},"modified":"2026-04-10T03:49:36","modified_gmt":"2026-04-10T01:49:36","slug":"quienes-somos","status":"publish","type":"page","link":"https:\/\/infinityautos.online\/Alan\/quienes-somos\/","title":{"rendered":"Quienes somos"},"content":{"rendered":"\n\t<section class=\"section\" id=\"section_1731041412\">\n\t\t<div class=\"section-bg fill\" >\n\t\t\t\t\t\t\t\t\t\n\t\t\t\n\n\t\t<\/div>\n\n\t\t\n\n\t\t<div class=\"section-content relative\">\n\t\t\t\n\t<div id=\"gap-611416004\" class=\"gap-element clearfix\" style=\"display:block; height:auto;\">\n\t\t\n<style>\n#gap-611416004 {\n  padding-top: 30px;\n}\n<\/style>\n\t<\/div>\n\t\n<div class=\"row\"  id=\"row-1858748868\">\n\n\t<div id=\"col-1677172261\" class=\"col small-12 large-12\"  >\n\t\t\t\t<div class=\"col-inner\" style=\"background-color:rgb(0, 126, 122);\" >\n\t\t\t\n\t\t\t\n\n  <div class=\"banner has-hover\" id=\"banner-1312839962\">\n          <div class=\"banner-inner fill\">\n        <div class=\"banner-bg fill\" >\n            <img fetchpriority=\"high\" decoding=\"async\" width=\"1280\" height=\"1024\" src=\"https:\/\/infinityautos.online\/Alan\/wp-content\/uploads\/2026\/04\/post-2-1.jpg\" class=\"bg attachment-original size-original\" alt=\"Quienes somos\" \/>                                    \n                    <\/div>\n\t\t\n        <div class=\"banner-layers container\">\n            <div class=\"fill banner-link\"><\/div>            \n   <div id=\"text-box-1628867475\" class=\"text-box banner-layer x50 md-x50 lg-x50 y50 md-y50 lg-y50 res-text\">\n                                <div class=\"text-box-content text dark\">\n              \n              <div class=\"text-inner text-center\">\n                  \n\t<div id=\"text-3932338670\" class=\"text\">\n\t\t\n<h1><strong>\u00bfQUIENES SOMOS?<\/strong><\/h1>\n\t\t\n<style>\n#text-3932338670 {\n  font-size: 1.25rem;\n  line-height: 1.5;\n  text-align: center;\n  color: rgb(255,255,255);\n}\n#text-3932338670 > * {\n  color: rgb(255,255,255);\n}\n<\/style>\n\t<\/div>\n\t\n              <\/div>\n           <\/div>\n                            \n<style>\n#text-box-1628867475 {\n  width: 60%;\n}\n#text-box-1628867475 .text-box-content {\n  font-size: 100%;\n}\n<\/style>\n    <\/div>\n \n        <\/div>\n      <\/div>\n\n            \n<style>\n#banner-1312839962 {\n  padding-top: 250px;\n  background-color: rgba(255, 255, 255, 0);\n}\n#banner-1312839962 .banner-bg img {\n  object-position: 62% 21%;\n}\n@media (min-width:550px) {\n  #banner-1312839962 {\n    padding-top: 500px;\n  }\n}\n<\/style>\n  <\/div>\n\n\n<div class=\"row row-full-width align-center\"  id=\"row-1576776387\">\n\n\t<div id=\"col-1876175621\" class=\"col medium-10 small-11 large-8\"  >\n\t\t\t\t<div class=\"col-inner text-center\" style=\"background-color:rgb(255,255,255);\" >\n\t\t\t\n\t\t\t\n\t<div id=\"text-3543847864\" class=\"text\">\n\t\t\n<p style=\"text-align: center;\" data-start=\"139\" data-end=\"448\">En <strong data-start=\"142\" data-end=\"160\">Infinity Autos<\/strong> somos m\u00e1s que un concesionario de veh\u00edculos usados: somos un aliado en el camino hacia tus metas. Nacimos con el prop\u00f3sito de transformar la forma en que las personas compran y venden autos en Cali, ofreciendo una experiencia basada en la confianza, la transparencia y el acompa\u00f1amiento.<\/p>\n<p style=\"text-align: center;\" data-start=\"450\" data-end=\"680\">Entendemos que adquirir un veh\u00edculo no es solo una decisi\u00f3n econ\u00f3mica, sino un paso importante en la vida de cada persona. Por eso, trabajamos para que cada cliente se sienta seguro, informado y respaldado durante todo el proceso.<\/p>\n<p style=\"text-align: center;\" data-start=\"682\" data-end=\"1021\">En Infinity Autos nos especializamos en la comercializaci\u00f3n de veh\u00edculos usados previamente revisados, garantizando calidad y tranquilidad en cada compra. Adem\u00e1s, ofrecemos asesor\u00eda personalizada y opciones de financiaci\u00f3n adaptadas a las necesidades de cada cliente, especialmente para quienes buscan flexibilidad y rapidez en su proceso.<\/p>\n<p style=\"text-align: center;\" data-start=\"1023\" data-end=\"1277\">Nuestro enfoque est\u00e1 centrado en personas reales: independientes, familias y trabajadores que buscan avanzar, crecer y cumplir sus objetivos. Creemos que cada autom\u00f3vil representa el inicio de una nueva etapa, no simplemente el cierre de una transacci\u00f3n.<\/p>\n<p style=\"text-align: center;\" data-start=\"1023\" data-end=\"1277\">Por eso, m\u00e1s que vender autos, en Infinity Autos acompa\u00f1amos decisiones.<\/p>\n\t\t\n<style>\n#text-3543847864 {\n  font-size: 1rem;\n  line-height: 1.5;\n  text-align: center;\n}\n<\/style>\n\t<\/div>\n\t\n<a class=\"button primary box-shadow-3 box-shadow-1-hover lowercase\" style=\"border-radius:99px;padding:8px 30px 8px 30px;\">\n\t\t<span>Intinity Autos<\/span>\n\t<i class=\"icon-user-o\" aria-hidden=\"true\"><\/i><\/a>\n\n\t\t<\/div>\n\t\t\t\t\n<style>\n#col-1876175621 > .col-inner {\n  padding: 5% 0px 5% 0px;\n  border-radius: 25px;\n}\n<\/style>\n\t<\/div>\n\n\t\n\n<style>\n#row-1576776387 > .col > .col-inner {\n  background-color: rgb(255,255,255);\n  border-radius: 15px;\n}\n<\/style>\n<\/div>\n\t\t<\/div>\n\t\t\t\t\t<\/div>\n\n\t\n<\/div>\n\t\t<\/div>\n\n\t\t\n<style>\n#section_1731041412 {\n  padding-top: 20px;\n  padding-bottom: 20px;\n  background-color: rgb(0, 0, 0);\n}\n@media (min-width:550px) {\n  #section_1731041412 {\n    padding-top: 40px;\n    padding-bottom: 40px;\n  }\n}\n@media (min-width:850px) {\n  #section_1731041412 {\n    padding-top: 70px;\n    padding-bottom: 70px;\n  }\n}\n<\/style>\n\t<\/section>\n\t\n","protected":false},"excerpt":{"rendered":"","protected":false},"author":1,"featured_media":0,"parent":0,"menu_order":0,"comment_status":"closed","ping_status":"closed","template":"","meta":{"_joinchat":[],"footnotes":""},"class_list":["post-280","page","type-page","status-publish","hentry"],"yoast_head":"<!-- This site is optimized with the Yoast SEO plugin v27.5 - https:\/\/yoast.com\/product\/yoast-seo-wordpress\/ -->\n<title>Quienes somos - Infinity Autos-E-Commerce<\/title>\n<meta name=\"robots\" content=\"index, follow, max-snippet:-1, max-image-preview:large, max-video-preview:-1\" \/>\n<link rel=\"canonical\" href=\"https:\/\/infinityautos.online\/Alan\/quienes-somos\/\" \/>\n<meta property=\"og:locale\" content=\"es_ES\" \/>\n<meta property=\"og:type\" content=\"article\" \/>\n<meta property=\"og:title\" content=\"Quienes somos - Infinity Autos-E-Commerce\" \/>\n<meta property=\"og:url\" content=\"https:\/\/infinityautos.online\/Alan\/quienes-somos\/\" \/>\n<meta property=\"og:site_name\" content=\"Infinity Autos-E-Commerce\" \/>\n<meta property=\"article:modified_time\" content=\"2026-04-10T01:49:36+00:00\" \/>\n<meta name=\"twitter:card\" content=\"summary_large_image\" \/>\n<meta name=\"twitter:label1\" content=\"Tiempo de lectura\" \/>\n\t<meta name=\"twitter:data1\" content=\"2 minutos\" \/>\n<script type=\"application\/ld+json\" class=\"yoast-schema-graph\">{\"@context\":\"https:\\\/\\\/schema.org\",\"@graph\":[{\"@type\":\"WebPage\",\"@id\":\"https:\\\/\\\/infinityautos.online\\\/Alan\\\/quienes-somos\\\/\",\"url\":\"https:\\\/\\\/infinityautos.online\\\/Alan\\\/quienes-somos\\\/\",\"name\":\"Quienes somos - Infinity Autos-E-Commerce\",\"isPartOf\":{\"@id\":\"https:\\\/\\\/infinityautos.online\\\/Alan\\\/#website\"},\"datePublished\":\"2026-03-21T16:06:10+00:00\",\"dateModified\":\"2026-04-10T01:49:36+00:00\",\"breadcrumb\":{\"@id\":\"https:\\\/\\\/infinityautos.online\\\/Alan\\\/quienes-somos\\\/#breadcrumb\"},\"inLanguage\":\"es\",\"potentialAction\":[{\"@type\":\"ReadAction\",\"target\":[\"https:\\\/\\\/infinityautos.online\\\/Alan\\\/quienes-somos\\\/\"]}]},{\"@type\":\"BreadcrumbList\",\"@id\":\"https:\\\/\\\/infinityautos.online\\\/Alan\\\/quienes-somos\\\/#breadcrumb\",\"itemListElement\":[{\"@type\":\"ListItem\",\"position\":1,\"name\":\"Portada\",\"item\":\"https:\\\/\\\/infinityautos.online\\\/Alan\\\/\"},{\"@type\":\"ListItem\",\"position\":2,\"name\":\"Quienes somos\"}]},{\"@type\":\"WebSite\",\"@id\":\"https:\\\/\\\/infinityautos.online\\\/Alan\\\/#website\",\"url\":\"https:\\\/\\\/infinityautos.online\\\/Alan\\\/\",\"name\":\"Infinity Autos-E-Commerce\",\"description\":\"Carros Usados\",\"potentialAction\":[{\"@type\":\"SearchAction\",\"target\":{\"@type\":\"EntryPoint\",\"urlTemplate\":\"https:\\\/\\\/infinityautos.online\\\/Alan\\\/?s={search_term_string}\"},\"query-input\":{\"@type\":\"PropertyValueSpecification\",\"valueRequired\":true,\"valueName\":\"search_term_string\"}}],\"inLanguage\":\"es\"}]}<\/script>\n<!-- \/ Yoast SEO plugin. -->","yoast_head_json":{"title":"Quienes somos - Infinity Autos-E-Commerce","robots":{"index":"index","follow":"follow","max-snippet":"max-snippet:-1","max-image-preview":"max-image-preview:large","max-video-preview":"max-video-preview:-1"},"canonical":"https:\/\/infinityautos.online\/Alan\/quienes-somos\/","og_locale":"es_ES","og_type":"article","og_title":"Quienes somos - Infinity Autos-E-Commerce","og_url":"https:\/\/infinityautos.online\/Alan\/quienes-somos\/","og_site_name":"Infinity Autos-E-Commerce","article_modified_time":"2026-04-10T01:49:36+00:00","twitter_card":"summary_large_image","twitter_misc":{"Tiempo de lectura":"2 minutos"},"schema":{"@context":"https:\/\/schema.org","@graph":[{"@type":"WebPage","@id":"https:\/\/infinityautos.online\/Alan\/quienes-somos\/","url":"https:\/\/infinityautos.online\/Alan\/quienes-somos\/","name":"Quienes somos - Infinity Autos-E-Commerce","isPartOf":{"@id":"https:\/\/infinityautos.online\/Alan\/#website"},"datePublished":"2026-03-21T16:06:10+00:00","dateModified":"2026-04-10T01:49:36+00:00","breadcrumb":{"@id":"https:\/\/infinityautos.online\/Alan\/quienes-somos\/#breadcrumb"},"inLanguage":"es","potentialAction":[{"@type":"ReadAction","target":["https:\/\/infinityautos.online\/Alan\/quienes-somos\/"]}]},{"@type":"BreadcrumbList","@id":"https:\/\/infinityautos.online\/Alan\/quienes-somos\/#breadcrumb","itemListElement":[{"@type":"ListItem","position":1,"name":"Portada","item":"https:\/\/infinityautos.online\/Alan\/"},{"@type":"ListItem","position":2,"name":"Quienes somos"}]},{"@type":"WebSite","@id":"https:\/\/infinityautos.online\/Alan\/#website","url":"https:\/\/infinityautos.online\/Alan\/","name":"Infinity Autos-E-Commerce","description":"Carros Usados","potentialAction":[{"@type":"SearchAction","target":{"@type":"EntryPoint","urlTemplate":"https:\/\/infinityautos.online\/Alan\/?s={search_term_string}"},"query-input":{"@type":"PropertyValueSpecification","valueRequired":true,"valueName":"search_term_string"}}],"inLanguage":"es"}]}},"_links":{"self":[{"href":"https:\/\/infinityautos.online\/Alan\/wp-json\/wp\/v2\/pages\/280","targetHints":{"allow":["GET"]}}],"collection":[{"href":"https:\/\/infinityautos.online\/Alan\/wp-json\/wp\/v2\/pages"}],"about":[{"href":"https:\/\/infinityautos.online\/Alan\/wp-json\/wp\/v2\/types\/page"}],"author":[{"embeddable":true,"href":"https:\/\/infinityautos.online\/Alan\/wp-json\/wp\/v2\/users\/1"}],"replies":[{"embeddable":true,"href":"https:\/\/infinityautos.online\/Alan\/wp-json\/wp\/v2\/comments?post=280"}],"version-history":[{"count":9,"href":"https:\/\/infinityautos.online\/Alan\/wp-json\/wp\/v2\/pages\/280\/revisions"}],"predecessor-version":[{"id":452,"href":"https:\/\/infinityautos.online\/Alan\/wp-json\/wp\/v2\/pages\/280\/revisions\/452"}],"wp:attachment":[{"href":"https:\/\/infinityautos.online\/Alan\/wp-json\/wp\/v2\/media?parent=280"}],"curies":[{"name":"wp","href":"https:\/\/api.w.org\/{rel}","templated":true}]}}